{"id":738,"date":"2021-11-15T13:39:31","date_gmt":"2021-12-13T12:10:43","guid":{"rendered":"https:\/\/w2m.fi\/tuote\/w2mfc-300a-1-fiberlaser-rengoringsmaskin-300w\/"},"modified":"2022-09-22T13:48:54","modified_gmt":"2022-09-22T10:48:54","slug":"w2mfc-300a-1-fiberlaser-rengoringsmaskin-300w","status":"publish","type":"product","link":"https:\/\/w2m.fi\/sv\/tuote\/w2mfc-300a-1-fiberlaser-rengoringsmaskin-300w\/","title":{"rendered":"W2MCF-300X FIBERLASER RENG\u00d6RINGSMASKIN (MOPA 300W)"},"content":{"rendered":"<p>[et_pb_section fb_built=&#8221;1&#8243; _builder_version=&#8221;4.16&#8243; custom_padding=&#8221;0px||||false|false&#8221; global_colors_info=&#8221;{}&#8221;][et_pb_row _builder_version=&#8221;4.16&#8243; background_size=&#8221;initial&#8221; background_position=&#8221;top_left&#8221; background_repeat=&#8221;repeat&#8221; width=&#8221;100%&#8221; custom_padding=&#8221;0px||0px||false|false&#8221; global_colors_info=&#8221;{}&#8221;][et_pb_column type=&#8221;4_4&#8243; _builder_version=&#8221;4.16&#8243; custom_padding=&#8221;|||&#8221; global_colors_info=&#8221;{}&#8221; custom_padding__hover=&#8221;|||&#8221;][\/et_pb_column][\/et_pb_row][et_pb_row column_structure=&#8221;1_2,1_2&#8243; _builder_version=&#8221;4.16&#8243; background_size=&#8221;initial&#8221; background_position=&#8221;top_left&#8221; background_repeat=&#8221;repeat&#8221; width=&#8221;100%&#8221; custom_padding=&#8221;0px||||false|false&#8221; global_colors_info=&#8221;{}&#8221;][et_pb_column type=&#8221;1_2&#8243; _builder_version=&#8221;4.16&#8243; custom_padding=&#8221;|||&#8221; global_colors_info=&#8221;{}&#8221; custom_padding__hover=&#8221;|||&#8221;][et_pb_wc_images _builder_version=&#8221;4.16&#8243; global_colors_info=&#8221;{}&#8221;][\/et_pb_wc_images][\/et_pb_column][et_pb_column type=&#8221;1_2&#8243; _builder_version=&#8221;4.16&#8243; custom_padding=&#8221;|||&#8221; global_colors_info=&#8221;{}&#8221; custom_padding__hover=&#8221;|||&#8221;][et_pb_wc_title _builder_version=&#8221;4.16&#8243; global_colors_info=&#8221;{}&#8221;][\/et_pb_wc_title][et_pb_wc_price _builder_version=&#8221;4.16&#8243; global_colors_info=&#8221;{}&#8221;][\/et_pb_wc_price][et_pb_wc_description admin_label=&#8221;Woo kuvaus&#8221; _builder_version=&#8221;4.16&#8243; global_colors_info=&#8221;{}&#8221;][\/et_pb_wc_description][et_pb_wc_add_to_cart _builder_version=&#8221;4.16&#8243; global_colors_info=&#8221;{}&#8221;][\/et_pb_wc_add_to_cart][et_pb_wc_meta _builder_version=&#8221;4.16&#8243; global_colors_info=&#8221;{}&#8221;][\/et_pb_wc_meta][\/et_pb_column][\/et_pb_row][et_pb_row _builder_version=&#8221;4.16&#8243; background_size=&#8221;initial&#8221; background_position=&#8221;top_left&#8221; background_repeat=&#8221;repeat&#8221; width=&#8221;100%&#8221; global_colors_info=&#8221;{}&#8221;][et_pb_column type=&#8221;4_4&#8243; _builder_version=&#8221;4.16&#8243; custom_padding=&#8221;|||&#8221; global_colors_info=&#8221;{}&#8221; custom_padding__hover=&#8221;|||&#8221;][et_pb_wc_tabs _builder_version=&#8221;4.16&#8243; global_colors_info=&#8221;{}&#8221;]\t\t\t\t\t[\/et_pb_wc_tabs][et_pb_wc_upsells _builder_version=&#8221;4.16&#8243; global_colors_info=&#8221;{}&#8221;][\/et_pb_wc_upsells][et_pb_wc_related_products _builder_version=&#8221;4.16&#8243; global_colors_info=&#8221;{}&#8221;][\/et_pb_wc_related_products][\/et_pb_column][\/et_pb_row][\/et_pb_section]<\/p>\n","protected":false},"excerpt":{"rendered":"<p>Leasing avtal 60m\u00e5n: 1,890.00\u20ac \/ m\u00e5n<\/p>\n<p>Luftkylld<\/p>\n<p>&nbsp;<\/p>\n","protected":false},"featured_media":1087,"template":"","meta":{"_et_pb_use_builder":"on","_et_pb_old_content":"<ul>\r\n \t<li>Effekt: 300W<\/li>\r\n \t<li>Max pulsenergi: 1.8mJ<\/li>\r\n \t<li>V\u00e5gl\u00e4ngd: 1064 Nanometer<\/li>\r\n \t<li>Reng\u00f6ringshuvudets vikt: 2.0\u00b10.1kg<\/li>\r\n \t<li>Storlek p\u00e5 touchscreen: 7\u2019\u2019<\/li>\r\n \t<li>Kabel l\u00e4ngd: 5-10m<\/li>\r\n \t<li>Arbetsomr\u00e5dets l\u00e4ngd: 1-200mm<\/li>\r\n \t<li>Arbets omr\u00e5dets bredd: 1-20mm<\/li>\r\n \t<li>Enhetens vikt: 65kg \u00b10.5kg<\/li>\r\n \t<li>Storlek: 720*520*451mm<\/li>\r\n \t<li>Max. intag: 1500W<\/li>\r\n \t<li>Elanslutning: 220VAC \u00b1 10%, 50-60Hz<\/li>\r\n \t<li>Till\u00e4ggsutrustning: Fr\u00e5ga f\u00f6rs\u00e4ljaren<\/li>\r\n \t<li>Garranti: 2 \u00e5r<\/li>\r\n \t<li>Leasing-avtal 60 m\u00e5n: 1.890,00\u20ac\/m\u00e5n (moms 0%) +c. 10% restv\u00e4rde<\/li>\r\n<\/ul>","_et_gb_content_width":""},"product_cat":[44,45],"product_tag":[],"class_list":{"0":"post-738","1":"product","2":"type-product","3":"status-publish","4":"has-post-thumbnail","6":"product_cat-laserrengoring","7":"product_cat-mopa-sv","9":"first","10":"instock","11":"taxable","12":"shipping-taxable","13":"purchasable","14":"product-type-simple"},"aioseo_notices":[],"_links":{"self":[{"href":"https:\/\/w2m.fi\/sv\/wp-json\/wp\/v2\/product\/738","targetHints":{"allow":["GET"]}}],"collection":[{"href":"https:\/\/w2m.fi\/sv\/wp-json\/wp\/v2\/product"}],"about":[{"href":"https:\/\/w2m.fi\/sv\/wp-json\/wp\/v2\/types\/product"}],"wp:featuredmedia":[{"embeddable":true,"href":"https:\/\/w2m.fi\/sv\/wp-json\/wp\/v2\/media\/1087"}],"wp:attachment":[{"href":"https:\/\/w2m.fi\/sv\/wp-json\/wp\/v2\/media?parent=738"}],"wp:term":[{"taxonomy":"product_cat","embeddable":true,"href":"https:\/\/w2m.fi\/sv\/wp-json\/wp\/v2\/product_cat?post=738"},{"taxonomy":"product_tag","embeddable":true,"href":"https:\/\/w2m.fi\/sv\/wp-json\/wp\/v2\/product_tag?post=738"}],"curies":[{"name":"wp","href":"https:\/\/api.w.org\/{rel}","templated":true}]}}