{"id":791,"date":"2021-12-15T10:11:33","date_gmt":"2021-12-15T08:11:33","guid":{"rendered":"https:\/\/w2m.fi\/kundberattelser\/"},"modified":"2025-11-20T09:44:56","modified_gmt":"2025-11-20T07:44:56","slug":"kundberattelser","status":"publish","type":"page","link":"https:\/\/w2m.fi\/sv\/kundberattelser\/","title":{"rendered":"Kundber\u00e4ttelser"},"content":{"rendered":"<p>[et_pb_section fb_built=&#8221;1&#8243; _builder_version=&#8221;4.16&#8243; _module_preset=&#8221;default&#8221; global_colors_info=&#8221;{}&#8221;][et_pb_row _builder_version=&#8221;4.16&#8243; _module_preset=&#8221;default&#8221; global_colors_info=&#8221;{}&#8221;][et_pb_column type=&#8221;4_4&#8243; _builder_version=&#8221;4.16&#8243; _module_preset=&#8221;default&#8221; global_colors_info=&#8221;{}&#8221;][et_pb_text _builder_version=&#8221;4.27.2&#8243; _module_preset=&#8221;default&#8221; header_2_font=&#8221;Montserrat|800|||||||&#8221; header_2_text_align=&#8221;center&#8221; header_2_text_color=&#8221;#801337&#8243; header_2_font_size=&#8221;45px&#8221; header_2_font_size_tablet=&#8221;45px&#8221; header_2_font_size_phone=&#8221;24px&#8221; header_2_font_size_last_edited=&#8221;on|phone&#8221; global_colors_info=&#8221;{}&#8221;]<\/p>\n<h2>Kundber\u00e4ttelser<\/h2>\n<p>[\/et_pb_text][\/et_pb_column][\/et_pb_row][et_pb_row column_structure=&#8221;1_2,1_2&#8243; _builder_version=&#8221;4.16&#8243; _module_preset=&#8221;default&#8221; global_colors_info=&#8221;{}&#8221;][et_pb_column type=&#8221;1_2&#8243; _builder_version=&#8221;4.16&#8243; _module_preset=&#8221;default&#8221; global_colors_info=&#8221;{}&#8221;][et_pb_toggle title=&#8221;Swedish Armed Forces&#8221; open_toggle_text_color=&#8221;#2C132B&#8221; icon_color=&#8221;#C72C41&#8243; open_icon_color=&#8221;#C72C41&#8243; _builder_version=&#8221;4.27.3&#8243; _module_preset=&#8221;default&#8221; title_text_color=&#8221;#2C132B&#8221; body_line_height=&#8221;1.9em&#8221; background_color=&#8221;#FFFFFF&#8221; custom_margin=&#8221;||0px||false|false&#8221; hover_enabled=&#8221;0&#8243; border_width_all=&#8221;0px&#8221; border_width_top=&#8221;1px&#8221; border_color_top=&#8221;#2C132B&#8221; border_color_bottom=&#8221;#2C132B&#8221; locked=&#8221;off&#8221; global_colors_info=&#8221;{}&#8221; sticky_enabled=&#8221;0&#8243;]<\/p>\n<p>Sveriges f\u00f6rsvarsmakt k\u00f6pte tv\u00e5 kraftfulla W2MCF-1000X MOPA laserreng\u00f6ringsmaskiner samt en laserm\u00e4rkningsmaskin i januari 2025.<\/p>\n<p>Den ena reng\u00f6ringsmaskinen och m\u00e4rkningsmaskinen levererades till Karlskrona marinverkstad och den andra reng\u00f6ringsmaskinen till Sk\u00f6vde marinverkstad. B\u00e5da enheterna tillh\u00f6r Svenska marinens f\u00f6rsvarsmakt.<\/p>\n<p>Laserreng\u00f6ringsmaskinerna kommer att anv\u00e4ndas f\u00f6r att ta bort f\u00e4rg och rost fr\u00e5n olika reservdelar och komponenter. Detta f\u00f6rb\u00e4ttrar avsev\u00e4rt underh\u00e5llet av den utrustning som anv\u00e4nds av F\u00f6rsvarsmakten. Med laserm\u00e4rkningsmaskinen kan permanenta m\u00e4rkningar g\u00f6ras snabbt och effektivt p\u00e5 olika delar.<\/p>\n<p>[\/et_pb_toggle][et_pb_toggle title=&#8221;HAM Helsingfors konstmuseum&#8221; open_toggle_text_color=&#8221;#2C132B&#8221; icon_color=&#8221;#C72C41&#8243; open_icon_color=&#8221;#C72C41&#8243; _builder_version=&#8221;4.27.0&#8243; _module_preset=&#8221;default&#8221; title_text_color=&#8221;#2C132B&#8221; body_line_height=&#8221;1.9em&#8221; background_color=&#8221;#FFFFFF&#8221; custom_margin=&#8221;||0px||false|false&#8221; hover_enabled=&#8221;0&#8243; border_width_all=&#8221;0px&#8221; border_width_top=&#8221;1px&#8221; border_color_top=&#8221;#2C132B&#8221; border_color_bottom=&#8221;#2C132B&#8221; locked=&#8221;off&#8221; global_colors_info=&#8221;{}&#8221; sticky_enabled=&#8221;0&#8243;]<\/p>\n<p>HAM Helsingfors konstmuseum k\u00f6pte en W2M Laserreng\u00f6ringsmaskin i december 2019 och har sedan dess anv\u00e4nt maskinen f\u00f6r olika typer av reng\u00f6ring. Helsingfors stads samling inneh\u00e5ller \u00f6ver 500 offentliga konstverk fr\u00e5n tre \u00e5rhundraden. HAM ansvarar f\u00f6r konstverken i samarbete med stadsmilj\u00f6sektorn.  <\/p>\n<p>M\u00e5ls\u00e4ttningen \u00e4r att bevara konstverken f\u00f6r framtida generationer s\u00e5 l\u00e4nge som m\u00f6jligt och i ett skick som motsvarar konstn\u00e4rens ursprungliga avsikt. Renoveringen av font\u00e4nhelheten Havis Amanda 2023\u20132024 var ett av de mest omfattande restaureringsprojekten av ett offentligt konstverk i Helsingfors historia. Det totala konstverket, designat av Ville Vallgren, hade tagit mycket stryk genom \u00e5ren, bland annat under olika folkfester. Dessutom hade det salta och bl\u00e5siga havsklimatet slitit p\u00e5 skulpturernas yta.   <\/p>\n<p><em>&#8221;Vi anv\u00e4nde W2M:s laser framg\u00e5ngsrikt f\u00f6r gradvis borttagning av kopparoxidprodukter under konserveringsprojektet av Havis Amanda. Dessutom anv\u00e4ndes lasern f\u00f6r att ta bort kalkavlagringar&#8221;,<\/em> ber\u00e4ttar HAM Helsingfors konstmuseums konservator Polina Semenova.<\/p>\n<p>[\/et_pb_toggle][et_pb_toggle title=&#8221;De Motu&#8221; open_toggle_text_color=&#8221;#2C132B&#8221; icon_color=&#8221;#C72C41&#8243; open_icon_color=&#8221;#C72C41&#8243; _builder_version=&#8221;4.27.0&#8243; _module_preset=&#8221;default&#8221; title_text_color=&#8221;#2C132B&#8221; body_line_height=&#8221;1.9em&#8221; background_color=&#8221;#FFFFFF&#8221; custom_margin=&#8221;||0px||false|false&#8221; hover_enabled=&#8221;0&#8243; border_width_all=&#8221;0px&#8221; border_width_top=&#8221;1px&#8221; border_color_top=&#8221;#2C132B&#8221; border_color_bottom=&#8221;#2C132B&#8221; locked=&#8221;off&#8221; global_colors_info=&#8221;{}&#8221; sticky_enabled=&#8221;0&#8243;]<\/p>\n<p>De Motu \u00e4r en oberoende, inhemsk klocktillverkare som tillverkar h\u00f6gklassiga pilotklockor med stark expertis och kompromissl\u00f6s kvalitet. Klocktillverkaren, verksam vid Helsingfors-Malm flygplats, f\u00e5r fr\u00e5n sin omgivning b\u00e5de inspiration till klockornas design och viktig information f\u00f6r klockornas utveckling och konstruktionsarbete. De Motu-klockor har v\u00e4ckt intresse v\u00e4rlden \u00f6ver, och det \u00e4r inte konstigt eftersom deras design \u00e4r i en klass f\u00f6r sig. De Motu k\u00f6pte en W2M Laser m\u00e4rkningsmaskin v\u00e5ren 2021 och har sedan dess anv\u00e4nt den flitigt bland annat till f\u00f6ljande:   <\/p>\n<ul>\n<li>serienummerm\u00e4rkning av klockor<\/li>\n<li>m\u00e4rkning och personalisering av klockornas baklock<\/li>\n<li>m\u00e4rkning av klocksp\u00e4nnen<\/li>\n<li>m\u00e4rkning av delar till klockl\u00e5dor och sk\u00e4rning av l\u00e4derdelar<\/li>\n<li>tillverkning av prototypdelar<\/li>\n<li>m\u00e4rkning av verktygsfixturer<\/li>\n<\/ul>\n<p>[\/et_pb_toggle][et_pb_toggle title=&#8221;InConClean&#8221; open_toggle_text_color=&#8221;#2C132B&#8221; icon_color=&#8221;#C72C41&#8243; open_icon_color=&#8221;#C72C41&#8243; _builder_version=&#8221;4.16&#8243; _module_preset=&#8221;default&#8221; title_text_color=&#8221;#2C132B&#8221; body_line_height=&#8221;1.9em&#8221; background_color=&#8221;#FFFFFF&#8221; custom_margin=&#8221;||0px||false|false&#8221; hover_enabled=&#8221;0&#8243; border_width_all=&#8221;0px&#8221; border_width_top=&#8221;1px&#8221; border_color_top=&#8221;#2C132B&#8221; border_width_bottom=&#8221;1px&#8221; border_color_bottom=&#8221;#2C132B&#8221; global_colors_info=&#8221;{}&#8221; sticky_enabled=&#8221;0&#8243;]<\/p>\n<h4>InConClean fr\u00e5n Vasa s\u00e4ljer laser reng\u00f6ringtj\u00e4nster<\/h4>\n<p>InConClean grundades 2021 av sj\u00f6kapten Janne Harju. F\u00f6retaget finns i Vasa, Finland, men arbetsomr\u00e5det \u00e4r n\u00e4stintill obegr\u00e4nsat med tanke p\u00e5 f\u00f6retagets flexibilitet samt mobilitet.<\/p>\n<p>Universalreng\u00f6ring med hj\u00e4lp av laserteknik \u00e4r en mycket effektiv, ren, samt milj\u00f6v\u00e4nlig metod j\u00e4mf\u00f6rt med traditionella metoder s\u00e5som ex. bl\u00e4string med sand, soda, torr is, eller \u00e4ven mekanisk bearbetning eller reng\u00f6ring med hj\u00e4lp av kemikalier.<\/p>\n<p>InConCleans uppdrag \u00e4r att tillhandah\u00e5lla en h\u00f6gkvalitativ, renare och effektivare reng\u00f6ringsmetod f\u00f6r ett brett spektrum av industriella behov.<\/p>\n<p>[\/et_pb_toggle][et_pb_toggle title=&#8221;Hyv\u00e4-Huolto&#8221; open_toggle_text_color=&#8221;#2C132B&#8221; icon_color=&#8221;#C72C41&#8243; open_icon_color=&#8221;#C72C41&#8243; _builder_version=&#8221;4.16&#8243; _module_preset=&#8221;default&#8221; title_text_color=&#8221;#2C132B&#8221; body_line_height=&#8221;1.9em&#8221; background_color=&#8221;#FFFFFF&#8221; custom_margin=&#8221;||0px||false|false&#8221; hover_enabled=&#8221;0&#8243; border_width_all=&#8221;0px&#8221; border_color_top=&#8221;#2C132B&#8221; border_width_bottom=&#8221;1px&#8221; border_color_bottom=&#8221;#2C132B&#8221; global_colors_info=&#8221;{}&#8221; sticky_enabled=&#8221;0&#8243;]<\/p>\n<h4>Hyv\u00e4-Huolto Oy s\u00e4ljer laserreng\u00f6ringstj\u00e4nst<\/h4>\n<p>Vi k\u00f6pte en 120W reng\u00f6ringsapparat fr\u00e5n W2M Laser i november 2019 f\u00f6r att komplettera och ers\u00e4tta gamla traditionella reng\u00f6ringsmetoder, s\u00e4ger Jani Reinikainen fr\u00e5n Hyv\u00e4-Huolto Oy. Vi \u00e4r ett f\u00f6retag som erbjuder speciella st\u00e4dtj\u00e4nster, som nu \u00e4ven erbjuder laserreng\u00f6ring till olika f\u00f6retag, forts\u00e4tter Reinikainen. Ink\u00f6pspriserna p\u00e5 laserreng\u00f6ringsutrustning var tidigare mycket h\u00f6ga, men med W2M Laser ligger ink\u00f6p av utrustning och priset p\u00e5 den st\u00e4dtj\u00e4nst vi erbjuder p\u00e5 en mycket bra niv\u00e5, s\u00e4ger Reinikainen.<\/p>\n<p>Vi har blivit mycket v\u00e4l mottagna och m\u00e5nga tycker att laserreng\u00f6ring \u00e4r en intressant reng\u00f6ringsmetod som \u00f6ppnar f\u00f6r helt nya m\u00f6jligheter. Vi har lyckats utveckla nya reng\u00f6ringsdriftsmodeller som inte var m\u00f6jliga innan lasern, s\u00e4ger Reinikainen.<\/p>\n<p>P\u00e5 Hyv\u00e4-Huolto ser vi laserreng\u00f6ringstj\u00e4nsten som en ny verksamhet som delvis ers\u00e4tter anv\u00e4ndningen av kemikalier och syror, torrisbl\u00e4string och mekanisk slipning, men som ocks\u00e5 tillf\u00f6r helt nya reng\u00f6ringsm\u00e5l. Vi tror att laserreng\u00f6ringstj\u00e4nsten kommer att \u00f6ka avsev\u00e4rt i framtiden i takt med att m\u00e4nniskors medvetenhet om det v\u00e4xer, forts\u00e4tter Reinikainen.<\/p>\n<p>Reng\u00f6ringsarbetet med lasern \u00e4r mycket enkelt och snabbt, d\u00e5 arbetsmomenten utel\u00e4mnas j\u00e4mf\u00f6rt med traditionella metoder. Bland annat \u00e4r skydd och efterst\u00e4dning av f\u00f6rem\u00e5l n\u00e4stan borta. V\u00e5ra kunder har \u00e4ven i sina \u00e5rsredovisningar rapporterat om besparingarna med laserreng\u00f6ring, det vill s\u00e4ga vi talar om betydande besparingar, s\u00e4ger Reinikainen. S\u00e5 vi kan verkligen rekommendera laserreng\u00f6ring till olika f\u00f6retag, eftersom lasern b\u00f6jer sig p\u00e5 m\u00e5nga s\u00e4tt och kommer s\u00e4kerligen att medf\u00f6ra l\u00e4tthet och besparingar, avslutar Reinikainen.<\/p>\n<p>[\/et_pb_toggle][et_pb_toggle title=&#8221;Bemu Expert&#8221; open_toggle_text_color=&#8221;#2C132B&#8221; icon_color=&#8221;#C72C41&#8243; open_icon_color=&#8221;#C72C41&#8243; _builder_version=&#8221;4.16&#8243; _module_preset=&#8221;default&#8221; title_text_color=&#8221;#2C132B&#8221; body_line_height=&#8221;1.9em&#8221; background_color=&#8221;#FFFFFF&#8221; custom_margin=&#8221;||0px||false|false&#8221; hover_enabled=&#8221;0&#8243; border_width_all=&#8221;0px&#8221; border_color_top=&#8221;#2C132B&#8221; border_width_bottom=&#8221;1px&#8221; border_color_bottom=&#8221;#2C132B&#8221; global_colors_info=&#8221;{}&#8221; sticky_enabled=&#8221;0&#8243;]<\/p>\n<h4>L\u00e4s och se hur Bemu Expert anv\u00e4nder W2M Laser reng\u00f6ringsmaskinen<\/h4>\n<p>Bemu Expert Oy \u00e4r bel\u00e4get i Janakkala och serverar lokala samt andra BMW-kunder med l\u00e5ng erfarenhet med ett team som leds av Jani Aarrekivi.<\/p>\n<p>Jani hade funderat p\u00e5 att k\u00f6pa en laserreng\u00f6ringsmaskin under en l\u00e5ng tid och n\u00e4r \u00f6gat tr\u00e4ffade W2M Laser var det k\u00f6rt. W2M Laser reng\u00f6ringsmaskinen (60W) levererades till Bemu Expert den 4 juli 2020.<\/p>\n<p>Enheten fungerar hos Bemu Expert p\u00e5 ett mycket m\u00e5ngsidigt s\u00e4tt, vilket framg\u00e5r av filmerna nedan.<\/p>\n<p><iframe loading=\"lazy\" title=\"BMW M550D jarrusatuloiden puhdistus laserilla ja maalaus\" width=\"1080\" height=\"608\" src=\"https:\/\/www.youtube.com\/embed\/0aiPAvaoekw?feature=oembed\"  allow=\"accelerometer; autoplay; clipboard-write; encrypted-media; gyroscope; picture-in-picture; web-share\" referrerpolicy=\"strict-origin-when-cross-origin\" allowfullscreen><\/iframe><\/p>\n<p><iframe loading=\"lazy\" title=\"Bemu Expertin uusin ty\u00f6kalu\" width=\"1080\" height=\"608\" src=\"https:\/\/www.youtube.com\/embed\/6Ii_m2EC5Gs?feature=oembed\"  allow=\"accelerometer; autoplay; clipboard-write; encrypted-media; gyroscope; picture-in-picture; web-share\" referrerpolicy=\"strict-origin-when-cross-origin\" allowfullscreen><\/iframe><\/p>\n<p><iframe loading=\"lazy\" title=\"60W laserpuhdistimen luovutus Bemu Expert Oy:lle\" width=\"1080\" height=\"608\" src=\"https:\/\/www.youtube.com\/embed\/KG-36trHKfU?feature=oembed\"  allow=\"accelerometer; autoplay; clipboard-write; encrypted-media; gyroscope; picture-in-picture; web-share\" referrerpolicy=\"strict-origin-when-cross-origin\" allowfullscreen><\/iframe><\/p>\n<p>[\/et_pb_toggle][\/et_pb_column][et_pb_column type=&#8221;1_2&#8243; _builder_version=&#8221;4.16&#8243; _module_preset=&#8221;default&#8221; global_colors_info=&#8221;{}&#8221;][et_pb_toggle title=&#8221;Eka-Ter\u00e4&#8221; open_toggle_text_color=&#8221;#2C132B&#8221; icon_color=&#8221;#C72C41&#8243; open_icon_color=&#8221;#C72C41&#8243; _builder_version=&#8221;4.27.0&#8243; _module_preset=&#8221;default&#8221; title_text_color=&#8221;#2C132B&#8221; body_line_height=&#8221;1.9em&#8221; background_color=&#8221;#FFFFFF&#8221; custom_margin=&#8221;||0px||false|false&#8221; hover_enabled=&#8221;0&#8243; border_width_all=&#8221;0px&#8221; border_width_top=&#8221;1px&#8221; border_color_top=&#8221;#2C132B&#8221; border_color_bottom=&#8221;#2C132B&#8221; locked=&#8221;off&#8221; global_colors_info=&#8221;{}&#8221; sticky_enabled=&#8221;0&#8243;]<\/p>\n<p>Eka-Ter\u00e4 har verkat i \u00f6ver 50 \u00e5r och erbjuder professionell slipning och tillverkning av verktyg \u00f6ver hela Finland. \u201dHos Eka-Ter\u00e4 slipar och tillverkar vi olika typer av blad f\u00f6r tr\u00e4-, tr\u00e4skive-, metall-, aluminium- och kompositindustrin,\u201d ber\u00e4ttar Jarno Niemi. De r\u00e4tta bladen tillverkas individuellt efter kundens behov. Bladen inkluderar bland annat cirkels\u00e5gar, fr\u00e4sar och hyvlar med h\u00e5rdmetall- eller PCD-diamantinsatser, samt HSS-hyvelst\u00e5l och kuttrar, flishuggar-, bands\u00e5gs- och borrblad.     <\/p>\n<p>I butiken finns f\u00e4rdiga cirkel-, fr\u00e4s- och borrblad f\u00f6r olika bearbetningsmetoder samt bands\u00e5gs- och hyvelblad som s\u00e4ljs per meter i olika bredder och kapas till den l\u00e4ngd kunden beh\u00f6ver, forts\u00e4tter Niemi.<\/p>\n<p>Med W2M Lasers m\u00e4rkningsmaskin m\u00e4rks alla tillverkade blad med bladm\u00e5tt, Eka-Ter\u00e4s egen logotyp och en QR-kod. Eka-Ter\u00e4 utf\u00f6r \u00e4ven laserm\u00e4rkningar som underleverant\u00f6r \u00e5t olika f\u00f6retag. <\/p>\n<p>[\/et_pb_toggle][et_pb_toggle title=&#8221;Undertun Industri AS&#8221; open_toggle_text_color=&#8221;#2C132B&#8221; icon_color=&#8221;#C72C41&#8243; open_icon_color=&#8221;#C72C41&#8243; _builder_version=&#8221;4.16&#8243; _module_preset=&#8221;default&#8221; title_text_color=&#8221;#2C132B&#8221; body_line_height=&#8221;1.9em&#8221; background_color=&#8221;#FFFFFF&#8221; custom_margin=&#8221;||0px||false|false&#8221; hover_enabled=&#8221;0&#8243; border_width_all=&#8221;0px&#8221; border_width_top=&#8221;1px&#8221; border_color_top=&#8221;#2C132B&#8221; border_width_bottom=&#8221;1px&#8221; border_color_bottom=&#8221;#2C132B&#8221; global_colors_info=&#8221;{}&#8221; sticky_enabled=&#8221;0&#8243;]<\/p>\n<h4>Den f\u00f6rsta kunden i Norge<\/h4>\n<p>Undertun Industri AS \u00e4r en ledande tillverkare av korridorer, evakueringssystem, till- \/ utj\u00e4mningsramper, lyftar och annan marin utrustning.<\/p>\n<p>Undertun Industri As f\u00f6rv\u00e4rvade en W2M Laser reng\u00f6ringsmaskin (120W), som v\u00e5r f\u00f6rsta kund i Norge, f\u00f6r att underl\u00e4tta reng\u00f6ringen av svetsar.<\/p>\n<p>Att reng\u00f6ra svetsarna med laserreng\u00f6ringsmaskinen \u00e4r ekologiskt, snabbt och exakt.<\/p>\n<p>[\/et_pb_toggle][et_pb_toggle title=&#8221;G-Tronic&#8221; open_toggle_text_color=&#8221;#2C132B&#8221; icon_color=&#8221;#C72C41&#8243; open_icon_color=&#8221;#C72C41&#8243; _builder_version=&#8221;4.16&#8243; _module_preset=&#8221;default&#8221; title_text_color=&#8221;#2C132B&#8221; body_line_height=&#8221;1.9em&#8221; background_color=&#8221;#FFFFFF&#8221; custom_margin=&#8221;||0px||false|false&#8221; hover_enabled=&#8221;0&#8243; border_width_all=&#8221;0px&#8221; border_color_top=&#8221;#2C132B&#8221; border_width_bottom=&#8221;1px&#8221; border_color_bottom=&#8221;#2C132B&#8221; global_colors_info=&#8221;{}&#8221; sticky_enabled=&#8221;0&#8243;]Vi skaffadeen 60W laserreng\u00f6rings maskin av W2M Laser i december 2019, ber\u00e4ttar Jukka M\u00e4ntyharju fr\u00e5n G-Tronic Oy. Vi beh\u00f6ver laserreng\u00f6ringsmaskinen fr\u00e4mst f\u00f6r att ta bort rost fr\u00e5n ytor av st\u00e5l och gjutj\u00e4rn. Anv\u00e4ndningen \u00e4r h\u00f6gre p\u00e5 sommaren n\u00e4r st\u00e5ldelar rostar snabbare p\u00e5 grund av fuktighet.<\/p>\n<p>Laserreng\u00f6ring av ytor \u00e4r tydligt enklare och snabbare j\u00e4mf\u00f6rt med tidigare metoder. Laserns spetskompetens \u00e4r s\u00e4rskilt tydlig p\u00e5 oj\u00e4mna och icke-bearbetade ytor, forts\u00e4tter M\u00e4ntyharju. Tidigare var vi tvungna att anv\u00e4nda tydligt dyrare bl\u00e5smetoder eller tids- och nervkr\u00e4vande handslipning. Tidsbesparingarna m\u00e4rks omedelbart, eftersom det faktiskt \u00e4r mycket snabbare att arbeta med en laser. <\/p>\n<p>Vi har ocks\u00e5 testat lasern p\u00e5 andra ytor och tagit bort t.ex. smuts, oxidation, avskum och f\u00e4rg. P\u00e5 de flesta f\u00f6roreningar fungerar lasern riktigt bra men f\u00f6r flera \u00f6verlappande f\u00e4rgytor \u00e4r 60W-lasern lite liten.<\/p>\n<p>Jag rekommenderar g\u00e4rna W2M Laser reng\u00f6ringsmaskinerna, eftersom de \u00f6vervinner fysisk slipning klart, f\u00f6rutom att man kommer \u00e5t sv\u00e5ra h\u00e5lrum och h\u00f6rn som \u00e4r n\u00e4stan om\u00f6jliga att reng\u00f6ra med andra metoder, s\u00e4ger M\u00e4ntyharju.[\/et_pb_toggle][et_pb_toggle title=&#8221;Schmiedmann&#8221; open_toggle_text_color=&#8221;#2C132B&#8221; icon_color=&#8221;#C72C41&#8243; open_icon_color=&#8221;#C72C41&#8243; _builder_version=&#8221;4.16&#8243; _module_preset=&#8221;default&#8221; title_text_color=&#8221;#2C132B&#8221; body_line_height=&#8221;1.9em&#8221; background_color=&#8221;#FFFFFF&#8221; custom_margin=&#8221;||0px||false|false&#8221; hover_enabled=&#8221;0&#8243; border_width_all=&#8221;0px&#8221; border_color_top=&#8221;#2C132B&#8221; border_width_bottom=&#8221;1px&#8221; border_color_bottom=&#8221;#2C132B&#8221; global_colors_info=&#8221;{}&#8221; sticky_enabled=&#8221;0&#8243;]Vi skaffade W2M Laser reng\u00f6ringsmaskinen (60W) i juni 2020, s\u00e4ger Jussi Rahkama fr\u00e5n Schmiedmann. Hittills st\u00f6rsta m\u00e5l f\u00f6r reng\u00f6ring har varit reng\u00f6ring av bromsbel\u00e4ggens glidytor i samband med bromsreparationer. I denna uppgift fungerar lasern mycket effektivare \u00e4n tidigare anv\u00e4nt slipning av glidytor, forts\u00e4tter Rahkama. <\/p>\n<p>Laserreng\u00f6ring av olika t\u00e4tningsytor \u00e4r helt \u00f6verl\u00e4gsen alla andra metoder, ber\u00e4ttar Rahkama. Reng\u00f6ring av dem \u00e4r verkligen enkelt och mycket snabbt, s\u00e5 tidsbesparingarna \u00e4r stora.<\/p>\n<p>Reng\u00f6ring av rostiga gjutj\u00e4rn delar kr\u00e4ver lite l\u00e4ngre reng\u00f6ringstid \u00e4n mekanisk reng\u00f6ring, men den totala tiden som anv\u00e4nds f\u00f6r arbetet \u00e4r fortfarande kortare, eftersom vid reng\u00f6ring med laser beh\u00f6ver inte delarna tas bort och kan reng\u00f6ras medan de \u00e4r p\u00e5 plats, f\u00f6rklarar Rahkama.<\/p>\n<p>Jag kan fortfarande inte s\u00e4ga hur mycket tid och d\u00e4rmed pengar vi kommer och spara p\u00e5 grund av laser reng\u00f6ringsmaskinen, f\u00f6r vi har haft maskinen en \u200b\u200bs\u00e5 kort tid, s\u00e4ger Rahkama, men enheten \u00e4r i daglig anv\u00e4ndning och nya anv\u00e4ndningar hittas hela tiden. Rutiner utvecklas och applikationer h\u00e5ller p\u00e5 att f\u00f6rnyas, s\u00e5 jag tror att laserreng\u00f6ringsmaskinen med tiden kommer att ge oss tydliga ekonomiska f\u00f6rdelar, s\u00e4ger Rahkama.<\/p>\n<p>\u00c4ven med s\u00e5 kort erfarenhet kan jag rekommendera W2M Laser reng\u00f6ringsmaskinen till liknande f\u00f6retag, eftersom lasern fungerar mycket mer effektivt och snabbare \u00e4n traditionella metoder p\u00e5 m\u00e5nga st\u00e4llen, avslutar Rahkama.<\/p>\n<p>https:\/\/youtu.be\/wvBFTZEY01M[\/et_pb_toggle][et_pb_toggle title=&#8221;FinLaser Oy&#8221; open_toggle_text_color=&#8221;#2C132B&#8221; icon_color=&#8221;#C72C41&#8243; open_icon_color=&#8221;#C72C41&#8243; _builder_version=&#8221;4.17.0&#8243; _module_preset=&#8221;default&#8221; title_text_color=&#8221;#2C132B&#8221; body_line_height=&#8221;1.9em&#8221; background_color=&#8221;#FFFFFF&#8221; custom_margin=&#8221;||0px||false|false&#8221; hover_enabled=&#8221;0&#8243; border_width_all=&#8221;0px&#8221; border_color_top=&#8221;#2C132B&#8221; border_width_bottom=&#8221;1px&#8221; border_color_bottom=&#8221;#2C132B&#8221; locked=&#8221;off&#8221; global_colors_info=&#8221;{}&#8221; sticky_enabled=&#8221;0&#8243;]<\/p>\n<p>FinLaser Oy \u00e4r ett f\u00f6retag i Tavastehus som utf\u00f6r laserreng\u00f6ring f\u00f6r b\u00e5de privat- och f\u00f6retagskunder. F\u00f6retaget k\u00f6pte en 200W ryggs\u00e4cksmodell av laserreng\u00f6ringsmaskin i november 2021. <\/p>\n<p>Bland referenserna kan n\u00e4mnas Teknos, SSAB, Fortum och Konecranes.<\/p>\n<p>&nbsp;<\/p>\n<p>[\/et_pb_toggle][\/et_pb_column][\/et_pb_row][\/et_pb_section]<\/p>\n","protected":false},"excerpt":{"rendered":"<p>Kundber\u00e4ttelserSveriges f\u00f6rsvarsmakt k\u00f6pte tv\u00e5 kraftfulla W2MCF-1000X MOPA laserreng\u00f6ringsmaskiner samt en laserm\u00e4rkningsmaskin i januari 2025. Den ena reng\u00f6ringsmaskinen och m\u00e4rkningsmaskinen levererades till Karlskrona marinverkstad och den andra reng\u00f6ringsmaskinen till Sk\u00f6vde marinverkstad. B\u00e5da enheterna tillh\u00f6r Svenska marinens f\u00f6rsvarsmakt. Laserreng\u00f6ringsmaskinerna kommer att anv\u00e4ndas f\u00f6r att ta bort f\u00e4rg och rost fr\u00e5n olika reservdelar och komponenter. Detta f\u00f6rb\u00e4ttrar avsev\u00e4rt [&hellip;]<\/p>\n","protected":false},"author":1,"featured_media":0,"parent":0,"menu_order":0,"comment_status":"closed","ping_status":"closed","template":"","meta":{"_et_pb_use_builder":"on","_et_pb_old_content":"","_et_gb_content_width":"","footnotes":""},"class_list":["post-791","page","type-page","status-publish","hentry"],"aioseo_notices":[],"_links":{"self":[{"href":"https:\/\/w2m.fi\/sv\/wp-json\/wp\/v2\/pages\/791","targetHints":{"allow":["GET"]}}],"collection":[{"href":"https:\/\/w2m.fi\/sv\/wp-json\/wp\/v2\/pages"}],"about":[{"href":"https:\/\/w2m.fi\/sv\/wp-json\/wp\/v2\/types\/page"}],"author":[{"embeddable":true,"href":"https:\/\/w2m.fi\/sv\/wp-json\/wp\/v2\/users\/1"}],"replies":[{"embeddable":true,"href":"https:\/\/w2m.fi\/sv\/wp-json\/wp\/v2\/comments?post=791"}],"version-history":[{"count":14,"href":"https:\/\/w2m.fi\/sv\/wp-json\/wp\/v2\/pages\/791\/revisions"}],"predecessor-version":[{"id":2420,"href":"https:\/\/w2m.fi\/sv\/wp-json\/wp\/v2\/pages\/791\/revisions\/2420"}],"wp:attachment":[{"href":"https:\/\/w2m.fi\/sv\/wp-json\/wp\/v2\/media?parent=791"}],"curies":[{"name":"wp","href":"https:\/\/api.w.org\/{rel}","templated":true}]}}