{"id":1672,"date":"2023-05-30T09:44:47","date_gmt":"2023-05-30T06:44:47","guid":{"rendered":"https:\/\/w2m.fi\/cobot\/"},"modified":"2023-06-01T15:44:58","modified_gmt":"2023-06-01T12:44:58","slug":"cobot","status":"publish","type":"page","link":"https:\/\/w2m.fi\/sv\/cobot\/","title":{"rendered":"W2M Robotik"},"content":{"rendered":"<p>[et_pb_section fb_built=&#8221;1&#8243; custom_padding_last_edited=&#8221;on|phone&#8221; _builder_version=&#8221;4.20.4&#8243; _module_preset=&#8221;default&#8221; background_image=&#8221;https:\/\/w2m.fi\/wp-content\/uploads\/2021\/10\/cobotti-hero-2-scaled.jpg&#8221; background_position=&#8221;center_right&#8221; custom_padding=&#8221;125px||0px||false|false&#8221; custom_padding_tablet=&#8221;125px||0px||false|false&#8221; custom_padding_phone=&#8221;40px||0px||false|false&#8221; background_last_edited=&#8221;on|phone&#8221; background_image_phone=&#8221;https:\/\/w2m.fi\/wp-content\/uploads\/2021\/10\/cobotti-hero-mobiili.jpg&#8221; background_enable_image_phone=&#8221;on&#8221; background_size_phone=&#8221;cover&#8221; background_position_tablet=&#8221;center&#8221; background_position_phone=&#8221;center_right&#8221; global_colors_info=&#8221;{}&#8221;][et_pb_row _builder_version=&#8221;4.20.4&#8243; _module_preset=&#8221;default&#8221; custom_margin=&#8221;||||true|false&#8221; custom_margin_tablet=&#8221;||||true|false&#8221; custom_margin_phone=&#8221;||60px||false|false&#8221; custom_margin_last_edited=&#8221;on|phone&#8221; global_colors_info=&#8221;{}&#8221;][et_pb_column type=&#8221;4_4&#8243; _builder_version=&#8221;4.20.4&#8243; _module_preset=&#8221;default&#8221; global_colors_info=&#8221;{}&#8221;][et_pb_text _builder_version=&#8221;4.20.4&#8243; _module_preset=&#8221;default&#8221; header_font=&#8221;|800||on|||||&#8221; header_text_color=&#8221;#FFFFFF&#8221; header_font_size=&#8221;70px&#8221; header_line_height=&#8221;1.3em&#8221; header_text_align_tablet=&#8221;&#8221; header_text_align_phone=&#8221;center&#8221; header_text_align_last_edited=&#8221;on|phone&#8221; header_font_size_tablet=&#8221;70px&#8221; header_font_size_phone=&#8221;40px&#8221; header_font_size_last_edited=&#8221;on|phone&#8221; global_colors_info=&#8221;{}&#8221;]<\/p>\n<h1>Elite cobot<\/h1>\n<p>[\/et_pb_text][\/et_pb_column][\/et_pb_row][et_pb_row column_structure=&#8221;1_2,1_2&#8243; _builder_version=&#8221;4.20.4&#8243; _module_preset=&#8221;default&#8221; custom_padding=&#8221;||0px||false|false&#8221; global_colors_info=&#8221;{}&#8221;][et_pb_column type=&#8221;1_2&#8243; _builder_version=&#8221;4.20.4&#8243; _module_preset=&#8221;default&#8221; background_color=&#8221;rgba(55,190,240,0.77)&#8221; custom_padding=&#8221;40px|40px|40px|40px|true|true&#8221; custom_padding_tablet=&#8221;40px|40px|40px|40px|true|true&#8221; custom_padding_phone=&#8221;40px|40px|40px|40px|true|true&#8221; custom_padding_last_edited=&#8221;on|phone&#8221; global_colors_info=&#8221;{}&#8221;][et_pb_text _builder_version=&#8221;4.20.4&#8243; _module_preset=&#8221;default&#8221; ul_text_color=&#8221;#FFFFFF&#8221; ul_font_size=&#8221;18px&#8221; ul_line_height=&#8221;1.5em&#8221; text_font_size_tablet=&#8221;&#8221; text_font_size_phone=&#8221;16px&#8221; text_font_size_last_edited=&#8221;on|phone&#8221; global_colors_info=&#8221;{}&#8221;]<\/p>\n<ul>\n<li>Priser fr\u00e5n 14.280\u20ac.<\/li>\n<li>Flexibla finansieringsl\u00f6sningar. Kreditbeslut \u00e4ven samma dag.<\/li>\n<li>Snabb leveranstid. Cobotten framme \u00e4ven om en vecka.<\/li>\n<li>Fri leverans till n\u00e4rmaste Kaukokiito-terminal.<\/li>\n<li>Brett sortiment upp till 16 kg.<\/li>\n<li>IP-baserad fj\u00e4rrkontroll och programmering i alla modeller.<\/li>\n<li>CS-serien finns \u00e4ven med IP68-klassning.<\/li>\n<li>M\u00e5ngsidiga anslutningsm\u00f6jligheter.<\/li>\n<li>Laaja suunnittelu-, asennus-, ohjelmointi- ja koulutusapu.<\/li>\n<\/ul>\n<p>[\/et_pb_text][\/et_pb_column][et_pb_column type=&#8221;1_2&#8243; _builder_version=&#8221;4.20.4&#8243; _module_preset=&#8221;default&#8221; global_colors_info=&#8221;{}&#8221;][\/et_pb_column][\/et_pb_row][\/et_pb_section][et_pb_section fb_built=&#8221;1&#8243; admin_label=&#8221;About&#8221; _builder_version=&#8221;4.16&#8243; _module_preset=&#8221;default&#8221; background_color_gradient_direction=&#8221;135deg&#8221; custom_padding=&#8221;109px||0px|||&#8221; box_shadow_style=&#8221;preset7&#8243; box_shadow_horizontal=&#8221;0px&#8221; box_shadow_vertical=&#8221;5vw&#8221; box_shadow_color=&#8221;#FFFFFF&#8221; locked=&#8221;off&#8221; global_colors_info=&#8221;{}&#8221;][et_pb_row _builder_version=&#8221;4.20.4&#8243; _module_preset=&#8221;default&#8221; hover_enabled=&#8221;0&#8243; global_colors_info=&#8221;{}&#8221; sticky_enabled=&#8221;0&#8243;][et_pb_column type=&#8221;4_4&#8243; _builder_version=&#8221;4.16&#8243; _module_preset=&#8221;default&#8221; global_colors_info=&#8221;{}&#8221;][et_pb_text _builder_version=&#8221;4.20.4&#8243; _module_preset=&#8221;default&#8221; header_2_font=&#8221;|700||on|||||&#8221; header_2_text_align=&#8221;center&#8221; header_2_text_color=&#8221;#37bef0&#8243; header_2_font_size=&#8221;45px&#8221; header_2_line_height=&#8221;1.3em&#8221; header_2_font_size_tablet=&#8221;45px&#8221; header_2_font_size_phone=&#8221;24px&#8221; header_2_font_size_last_edited=&#8221;on|phone&#8221; global_colors_info=&#8221;{}&#8221;]<\/p>\n<h2>VARF\u00d6R ELITE COBOT?<\/h2>\n<p>[\/et_pb_text][et_pb_divider color=&#8221;#000000&#8243; divider_weight=&#8221;3px&#8221; _builder_version=&#8221;4.16&#8243; _module_preset=&#8221;default&#8221; max_width=&#8221;50px&#8221; module_alignment=&#8221;center&#8221; custom_margin=&#8221;||10px||false|false&#8221; custom_margin_tablet=&#8221;||10px||false|false&#8221; custom_margin_phone=&#8221;&#8221; custom_margin_last_edited=&#8221;on|tablet&#8221; custom_padding_last_edited=&#8221;off|tablet&#8221; locked=&#8221;off&#8221; global_colors_info=&#8221;{}&#8221;][\/et_pb_divider][et_pb_text _builder_version=&#8221;4.20.4&#8243; _module_preset=&#8221;da86b6f0-f83c-4c7c-bdd8-3019777ddffe&#8221; text_font=&#8221;|600|||||||&#8221; text_text_color=&#8221;#2C132B&#8221; text_font_size=&#8221;20px&#8221; text_line_height=&#8221;1.8em&#8221; text_orientation=&#8221;center&#8221; custom_margin=&#8221;||5px|||&#8221; text_font_size_tablet=&#8221;15px&#8221; text_font_size_phone=&#8221;14px&#8221; text_font_size_last_edited=&#8221;on|desktop&#8221; locked=&#8221;off&#8221; global_colors_info=&#8221;{}&#8221;]<\/p>\n<p>Produktionen ska vara effektiv samtidigt som vi satsar p\u00e5 arbetstrivsel och ergonomi. Av denna anledning \u00e4r det vettigt att l\u00e4gga ut tunga, repetitiva och till och med farliga arbetsuppgifter till Elite-samarbetsrobotar och frig\u00f6ra m\u00e4nniskor f\u00f6r mer m\u00e4nskligt och kreativt arbete.<\/p>\n<p>Elite cobots f\u00f6rb\u00e4ttrar processer mycket kostnadseffektivt.<\/p>\n<p>Leveranstiderna f\u00f6r Elite cobots \u00e4r korta, installation och drifts\u00e4ttning \u00e4r enkel, urvalet av olika gripdon och andra verktyg \u00e4r brett och reservdelsservicen \u00e4r snabb.<\/p>\n<p>F\u00f6rutom f\u00f6rm\u00e5nliga ink\u00f6pspriser erbjuder vi kunderna olika finansieringsl\u00f6sningar f\u00f6r att underl\u00e4tta k\u00f6pet.<\/p>\n<p>Du kan ocks\u00e5 f\u00e5 hj\u00e4lp med planering, installation och programmering av oss (debiteras 118 \u20ac\/h (moms 0%)).<\/p>\n<p>[\/et_pb_text][et_pb_image src=&#8221;https:\/\/w2m.fi\/wp-content\/uploads\/2021\/10\/cs63.gif&#8221; align=&#8221;center&#8221; _builder_version=&#8221;4.20.4&#8243; _module_preset=&#8221;default&#8221; global_colors_info=&#8221;{}&#8221;][\/et_pb_image][\/et_pb_column][\/et_pb_row][\/et_pb_section][et_pb_section fb_built=&#8221;1&#8243; module_id=&#8221;egenskaper&#8221; _builder_version=&#8221;4.20.4&#8243; _module_preset=&#8221;default&#8221; custom_padding=&#8221;0px|||||&#8221; hover_enabled=&#8221;0&#8243; global_colors_info=&#8221;{}&#8221; sticky_enabled=&#8221;0&#8243;][et_pb_row column_structure=&#8221;1_4,1_4,1_4,1_4&#8243; use_custom_gutter=&#8221;on&#8221; gutter_width=&#8221;2&#8243; make_equal=&#8221;on&#8221; _builder_version=&#8221;4.20.4&#8243; _module_preset=&#8221;default&#8221; max_width=&#8221;1400px&#8221; global_colors_info=&#8221;{}&#8221;][et_pb_column type=&#8221;1_4&#8243; _builder_version=&#8221;4.20.4&#8243; _module_preset=&#8221;default&#8221; background_color=&#8221;rgba(98,187,235,0.15)&#8221; border_radii=&#8221;on|30px|30px|30px|30px&#8221; global_colors_info=&#8221;{}&#8221;][et_pb_blurb title=&#8221;S\u00e4kerhet&#8221; use_icon=&#8221;on&#8221; font_icon=&#8221;&#xe011;||divi||400&#8243; icon_color=&#8221;#62bbeb&#8221; image_icon_width=&#8221;50px&#8221; _builder_version=&#8221;4.20.4&#8243; _module_preset=&#8221;default&#8221; header_font=&#8221;|800||on|||||&#8221; text_orientation=&#8221;center&#8221; custom_padding=&#8221;30px|30px|30px|30px|true|true&#8221; global_colors_info=&#8221;{}&#8221;]Cobots \u00e4r sm\u00e5 och smidiga och \u00e4r designade f\u00f6r att f\u00f6rb\u00e4ttra arbetsprocesser och arbeta tillsammans med m\u00e4nniskor.<br \/>\nLugna och f\u00f6rsiktiga cobots beh\u00f6ver inga s\u00e4kerhetsarrangemang runt sig, eftersom de stannar n\u00e4r de tr\u00e4ffar ett hinder.[\/et_pb_blurb][\/et_pb_column][et_pb_column type=&#8221;1_4&#8243; _builder_version=&#8221;4.20.4&#8243; _module_preset=&#8221;default&#8221; background_color=&#8221;rgba(98,187,235,0.15)&#8221; border_radii=&#8221;on|30px|30px|30px|30px&#8221; global_colors_info=&#8221;{}&#8221;][et_pb_blurb title=&#8221;L\u00e4tt att anv\u00e4nda&#8221; use_icon=&#8221;on&#8221; font_icon=&#8221;&#xf14d;||fa||400&#8243; icon_color=&#8221;#62bbeb&#8221; image_icon_width=&#8221;50px&#8221; _builder_version=&#8221;4.20.4&#8243; _module_preset=&#8221;default&#8221; header_font=&#8221;|800||on|||||&#8221; text_orientation=&#8221;center&#8221; custom_padding=&#8221;30px|30px|30px|30px|true|true&#8221; global_colors_info=&#8221;{}&#8221;]Tack vare sin l\u00e4tta struktur \u00e4r Cobots l\u00e4tta att transportera, flytta och demontera och beh\u00f6ver inte vara permanent monterade p\u00e5 ett stativ. Cobots \u00e4r l\u00e4tta att installera och deras programmering kr\u00e4ver inte omfattande programmeringskunskaper. [\/et_pb_blurb][\/et_pb_column][et_pb_column type=&#8221;1_4&#8243; _builder_version=&#8221;4.20.4&#8243; _module_preset=&#8221;default&#8221; background_color=&#8221;rgba(98,187,235,0.15)&#8221; border_radii=&#8221;on|30px|30px|30px|30px&#8221; global_colors_info=&#8221;{}&#8221;][et_pb_blurb title=&#8221;Flexibilitet&#8221; use_icon=&#8221;on&#8221; font_icon=&#8221;&#xe605;||divi||400&#8243; icon_color=&#8221;#62bbeb&#8221; image_icon_width=&#8221;50px&#8221; _builder_version=&#8221;4.20.4&#8243; _module_preset=&#8221;default&#8221; header_font=&#8221;|800||on|||||&#8221; text_orientation=&#8221;center&#8221; custom_padding=&#8221;30px|30px|30px|30px|true|true&#8221; global_colors_info=&#8221;{}&#8221;]Cobots har ett brett arbetsomr\u00e5de och erbjuder extrem automationsflexibilitet. Olika verktyg, gripdon och andra tillbeh\u00f6r kan s\u00f6ml\u00f6st integreras i dem f\u00f6r att utf\u00f6ra \u00f6nskade processer outtr\u00f6ttligt och med h\u00f6g precision.[\/et_pb_blurb][\/et_pb_column][et_pb_column type=&#8221;1_4&#8243; _builder_version=&#8221;4.20.4&#8243; _module_preset=&#8221;default&#8221; background_color=&#8221;rgba(98,187,235,0.15)&#8221; border_radii=&#8221;on|30px|30px|30px|30px&#8221; global_colors_info=&#8221;{}&#8221;][et_pb_blurb title=&#8221;Effektivitet&#8221; use_icon=&#8221;on&#8221; font_icon=&#8221;&#xe0e9;||divi||400&#8243; icon_color=&#8221;#62bbeb&#8221; image_icon_width=&#8221;50px&#8221; _builder_version=&#8221;4.20.4&#8243; _module_preset=&#8221;default&#8221; header_font=&#8221;|800||on|||||&#8221; text_orientation=&#8221;center&#8221; custom_padding=&#8221;30px|30px|30px|30px|true|true&#8221; global_colors_info=&#8221;{}&#8221;]Det \u00e4r sv\u00e5rt f\u00f6r en person att arbeta p\u00e5 exakt samma s\u00e4tt och lika effektivt dag efter dag, men en cobot g\u00f6r alltid sitt arbete 100% konsekvent, utan pauser.[\/et_pb_blurb][\/et_pb_column][\/et_pb_row][\/et_pb_section][et_pb_section fb_built=&#8221;1&#8243; _builder_version=&#8221;4.21.0&#8243; _module_preset=&#8221;default&#8221; custom_padding=&#8221;2px|||||&#8221; global_colors_info=&#8221;{}&#8221;][et_pb_row column_structure=&#8221;1_3,1_3,1_3&#8243; use_custom_gutter=&#8221;on&#8221; gutter_width=&#8221;2&#8243; _builder_version=&#8221;4.21.0&#8243; _module_preset=&#8221;default&#8221; max_width=&#8221;1400px&#8221; module_alignment=&#8221;center&#8221; global_colors_info=&#8221;{}&#8221;][et_pb_column type=&#8221;1_3&#8243; _builder_version=&#8221;4.21.0&#8243; _module_preset=&#8221;default&#8221; global_colors_info=&#8221;{}&#8221;][et_pb_video src=&#8221;https:\/\/youtu.be\/4huzRWMWVRQ&#8221; _builder_version=&#8221;4.21.0&#8243; _module_preset=&#8221;default&#8221; global_colors_info=&#8221;{}&#8221;][\/et_pb_video][\/et_pb_column][et_pb_column type=&#8221;1_3&#8243; _builder_version=&#8221;4.21.0&#8243; _module_preset=&#8221;default&#8221; global_colors_info=&#8221;{}&#8221;][et_pb_video src=&#8221;https:\/\/youtu.be\/P4nerm4glkg&#8221; _builder_version=&#8221;4.21.0&#8243; _module_preset=&#8221;default&#8221; global_colors_info=&#8221;{}&#8221;][\/et_pb_video][\/et_pb_column][et_pb_column type=&#8221;1_3&#8243; _builder_version=&#8221;4.21.0&#8243; _module_preset=&#8221;default&#8221; global_colors_info=&#8221;{}&#8221;][et_pb_video src=&#8221;https:\/\/youtu.be\/ahYm70cAIv0&#8243; _builder_version=&#8221;4.21.0&#8243; _module_preset=&#8221;default&#8221; global_colors_info=&#8221;{}&#8221;][\/et_pb_video][\/et_pb_column][\/et_pb_row][\/et_pb_section][et_pb_section fb_built=&#8221;1&#8243; admin_label=&#8221;Services&#8221; module_id=&#8221;produkter&#8221; _builder_version=&#8221;4.20.4&#8243; _module_preset=&#8221;default&#8221; background_color_gradient_direction=&#8221;-135deg&#8221; background_enable_image=&#8221;off&#8221; background_size=&#8221;initial&#8221; background_position=&#8221;bottom_left&#8221; custom_padding=&#8221;||0px|||&#8221; hover_enabled=&#8221;0&#8243; background_last_edited=&#8221;on|phone&#8221; background_enable_image_tablet=&#8221;off&#8221; global_colors_info=&#8221;{}&#8221; sticky_enabled=&#8221;0&#8243;][et_pb_row _builder_version=&#8221;4.16&#8243; _module_preset=&#8221;default&#8221; global_colors_info=&#8221;{}&#8221;][et_pb_column type=&#8221;4_4&#8243; _builder_version=&#8221;4.16&#8243; _module_preset=&#8221;default&#8221; global_colors_info=&#8221;{}&#8221;][et_pb_shop type=&#8221;product_category&#8221; include_categories=&#8221;84&#8243; columns_number=&#8221;3&#8243; orderby=&#8221;price&#8221; _builder_version=&#8221;4.21.0&#8243; _module_preset=&#8221;default&#8221; title_font=&#8221;|700|||||||&#8221; title_text_align=&#8221;center&#8221; title_text_color=&#8221;#62bbeb&#8221; title_font_size=&#8221;18px&#8221; title_line_height=&#8221;1.3em&#8221; price_font=&#8221;Work Sans|700|||||||&#8221; price_text_align=&#8221;center&#8221; price_font_size=&#8221;16px&#8221; hover_enabled=&#8221;0&#8243; title_font_size_tablet=&#8221;18px&#8221; title_font_size_phone=&#8221;15px&#8221; title_font_size_last_edited=&#8221;on|phone&#8221; global_colors_info=&#8221;{}&#8221; sticky_enabled=&#8221;0&#8243;][\/et_pb_shop][et_pb_shop type=&#8221;product_category&#8221; include_categories=&#8221;83&#8243; columns_number=&#8221;3&#8243; orderby=&#8221;price&#8221; _builder_version=&#8221;4.21.0&#8243; _module_preset=&#8221;default&#8221; title_font=&#8221;|700|||||||&#8221; title_text_align=&#8221;center&#8221; title_text_color=&#8221;#62bbeb&#8221; title_font_size=&#8221;18px&#8221; title_line_height=&#8221;1.3em&#8221; price_font=&#8221;Work Sans|700|||||||&#8221; price_text_align=&#8221;center&#8221; price_font_size=&#8221;16px&#8221; title_font_size_tablet=&#8221;18px&#8221; title_font_size_phone=&#8221;15px&#8221; title_font_size_last_edited=&#8221;on|phone&#8221; global_colors_info=&#8221;{}&#8221;][\/et_pb_shop][\/et_pb_column][\/et_pb_row][\/et_pb_section][et_pb_section fb_built=&#8221;1&#8243; _builder_version=&#8221;4.20.4&#8243; _module_preset=&#8221;default&#8221; custom_padding=&#8221;0px|||||&#8221; global_colors_info=&#8221;{}&#8221;][et_pb_row _builder_version=&#8221;4.20.4&#8243; _module_preset=&#8221;default&#8221; global_colors_info=&#8221;{}&#8221;][et_pb_column type=&#8221;4_4&#8243; _builder_version=&#8221;4.20.4&#8243; _module_preset=&#8221;default&#8221; global_colors_info=&#8221;{}&#8221;][et_pb_divider color=&#8221;#62bbeb&#8221; _builder_version=&#8221;4.20.4&#8243; _module_preset=&#8221;default&#8221; global_colors_info=&#8221;{}&#8221;][\/et_pb_divider][\/et_pb_column][\/et_pb_row][et_pb_row _builder_version=&#8221;4.16&#8243; _module_preset=&#8221;default&#8221; global_colors_info=&#8221;{}&#8221;][et_pb_column type=&#8221;4_4&#8243; _builder_version=&#8221;4.16&#8243; _module_preset=&#8221;default&#8221; global_colors_info=&#8221;{}&#8221;][et_pb_text _builder_version=&#8221;4.20.4&#8243; _module_preset=&#8221;default&#8221; header_2_font=&#8221;|700||on|||||&#8221; header_2_text_align=&#8221;center&#8221; header_2_text_color=&#8221;#37bef0&#8243; header_2_font_size=&#8221;45px&#8221; header_2_line_height=&#8221;1.3em&#8221; header_2_font_size_tablet=&#8221;45px&#8221; header_2_font_size_phone=&#8221;24px&#8221; header_2_font_size_last_edited=&#8221;on|phone&#8221; global_colors_info=&#8221;{}&#8221;]<\/p>\n<h2>ELITE ROBOTS CO., LTD.<\/h2>\n<p>[\/et_pb_text][et_pb_divider color=&#8221;#000000&#8243; divider_weight=&#8221;3px&#8221; _builder_version=&#8221;4.16&#8243; _module_preset=&#8221;default&#8221; max_width=&#8221;50px&#8221; module_alignment=&#8221;center&#8221; custom_margin=&#8221;||10px||false|false&#8221; custom_margin_tablet=&#8221;||10px||false|false&#8221; custom_margin_phone=&#8221;&#8221; custom_margin_last_edited=&#8221;on|tablet&#8221; custom_padding_last_edited=&#8221;off|tablet&#8221; locked=&#8221;off&#8221; global_colors_info=&#8221;{}&#8221;][\/et_pb_divider][\/et_pb_column][\/et_pb_row][et_pb_row column_structure=&#8221;1_2,1_2&#8243; _builder_version=&#8221;4.20.4&#8243; _module_preset=&#8221;default&#8221; global_colors_info=&#8221;{}&#8221;][et_pb_column type=&#8221;1_2&#8243; _builder_version=&#8221;4.20.4&#8243; _module_preset=&#8221;default&#8221; global_colors_info=&#8221;{}&#8221;][et_pb_text _builder_version=&#8221;4.20.4&#8243; _module_preset=&#8221;default&#8221; global_colors_info=&#8221;{}&#8221;]<\/p>\n<p>ELITE ROBOTS har varit starkt involverade i smart tillverkning och har framg\u00e5ngsrikt utvecklat l\u00e4tta 6-axliga kollaborativa robotar, eller cobots (3kg\/6kg\/12kg). Cobots har f\u00e5tt ett positivt rykte bland anv\u00e4ndare inom fordons-, elektronik-, f\u00f6rpacknings-, logistik-, metall-, kemi- och andra industrier.<\/p>\n<p>Shanghai baserade ELITE ROBOTS tillverkar cobots f\u00f6r alla typer av aktiviteter d\u00e4r man t\u00e4nka sig att kollaborativa robotar kan underl\u00e4tta &#8211; l\u00e4tta och mer flexibla samarbetsrobotar f\u00f6r montering, \u00e5tdragning, maskinlastning och lossning, materialdetektering, plockning, stapling och lossning av varor, slipning och polering, och s\u00e5 vidare.<\/p>\n<p>Det europeiska kontoret i Tyskland m\u00f6jligg\u00f6r snabba leveranser av b\u00e5de cobots och reservdelar. <\/p>\n<p><strong>Milstolpar och aff\u00e4rer:<\/strong><br \/>Grundargruppen f\u00f6r ELITE ROBOTS kommer fr\u00e5n Robotics Institute, BUAA R&amp;D (Beijing University of Aeronautics and Astronautics). Grundarteamet utvecklade Kinas f\u00f6rsta CNC-styrsystem och robotstyrenhet 2003 respektive 2009, under ledning av professor Wang Tianmiao, chef f\u00f6r BUAA:s Robotics Institute och Principal Scientist of National Robotics.<\/p>\n<p>[\/et_pb_text][\/et_pb_column][et_pb_column type=&#8221;1_2&#8243; _builder_version=&#8221;4.20.4&#8243; _module_preset=&#8221;default&#8221; global_colors_info=&#8221;{}&#8221;][et_pb_text _builder_version=&#8221;4.20.4&#8243; _module_preset=&#8221;default&#8221; global_colors_info=&#8221;{}&#8221;]Grundarteamet har genomf\u00f6rt FoU-aktiviteter inom alla olika industrirobotkategorier och sedan tagit sig kraftigt in i v\u00e4rlden av kollaborativa robotar, med hj\u00e4lp av den kunskap som samlats under 17 \u00e5r.<\/p>\n<p>Anv\u00e4ndningsomr\u00e5dena \u00e4r indelade i sex branscher: 3C-elektronik, fordonskomponenter, metallbearbetning, f\u00f6rpackningslogistik, hush\u00e5llsapparater, medicinsk utrustning och detaljhandel.<\/p>\n<p>ELITE ROBOTS best\u00e4mde sig f\u00f6r att enbart fokusera p\u00e5 samarbetsrobotar i juli 2019, n\u00e4r produktsortimentet f\u00f6r\u00e4ndrades helt och alla traditionella industrirobotar gradvis \u00f6vergavs. ELITE ROBOTS unders\u00f6kte grundligt de st\u00f6rsta cobottillverkarna p\u00e5 marknaden och best\u00e4mde sig f\u00f6r att introducera den senaste generationen av CS-seriens cobots p\u00e5 marknaden \u00e5r 2022, vilket troligen kommer att revolutionera konkurrenssituationen. ELITE ROBOTS m\u00e5l \u00e4r att vara v\u00e4rldens st\u00f6rsta cobottillverkare inom 3-5 \u00e5r och implementera en strategisk plan f\u00f6r stark expansion.[\/et_pb_text][\/et_pb_column][\/et_pb_row][\/et_pb_section]<\/p>\n","protected":false},"excerpt":{"rendered":"<p>Elite cobot Priser fr\u00e5n 14.280\u20ac. Flexibla finansieringsl\u00f6sningar. Kreditbeslut \u00e4ven samma dag. Snabb leveranstid. Cobotten framme \u00e4ven om en vecka. Fri leverans till n\u00e4rmaste Kaukokiito-terminal. Brett sortiment upp till 16 kg. IP-baserad fj\u00e4rrkontroll och programmering i alla modeller. CS-serien finns \u00e4ven med IP68-klassning. M\u00e5ngsidiga anslutningsm\u00f6jligheter. Laaja suunnittelu-, asennus-, ohjelmointi- ja koulutusapu. VARF\u00d6R ELITE COBOT?Produktionen ska vara [&hellip;]<\/p>\n","protected":false},"author":1,"featured_media":0,"parent":0,"menu_order":0,"comment_status":"closed","ping_status":"closed","template":"","meta":{"_et_pb_use_builder":"on","_et_pb_old_content":"","_et_gb_content_width":"","footnotes":""},"class_list":["post-1672","page","type-page","status-publish","hentry"],"aioseo_notices":[],"_links":{"self":[{"href":"https:\/\/w2m.fi\/sv\/wp-json\/wp\/v2\/pages\/1672","targetHints":{"allow":["GET"]}}],"collection":[{"href":"https:\/\/w2m.fi\/sv\/wp-json\/wp\/v2\/pages"}],"about":[{"href":"https:\/\/w2m.fi\/sv\/wp-json\/wp\/v2\/types\/page"}],"author":[{"embeddable":true,"href":"https:\/\/w2m.fi\/sv\/wp-json\/wp\/v2\/users\/1"}],"replies":[{"embeddable":true,"href":"https:\/\/w2m.fi\/sv\/wp-json\/wp\/v2\/comments?post=1672"}],"version-history":[{"count":7,"href":"https:\/\/w2m.fi\/sv\/wp-json\/wp\/v2\/pages\/1672\/revisions"}],"predecessor-version":[{"id":1748,"href":"https:\/\/w2m.fi\/sv\/wp-json\/wp\/v2\/pages\/1672\/revisions\/1748"}],"wp:attachment":[{"href":"https:\/\/w2m.fi\/sv\/wp-json\/wp\/v2\/media?parent=1672"}],"curies":[{"name":"wp","href":"https:\/\/api.w.org\/{rel}","templated":true}]}}