{"id":1666,"date":"2023-05-30T09:11:14","date_gmt":"2023-05-30T06:11:14","guid":{"rendered":"https:\/\/w2m.fi\/rorrengorare\/"},"modified":"2025-10-14T11:40:54","modified_gmt":"2025-10-14T08:40:54","slug":"rorrengorare","status":"publish","type":"page","link":"https:\/\/w2m.fi\/sv\/rorrengorare\/","title":{"rendered":"R\u00f6rreng\u00f6rare"},"content":{"rendered":"<p>[et_pb_section fb_built=&#8221;1&#8243; _builder_version=&#8221;4.27.0&#8243; _module_preset=&#8221;default&#8221; global_colors_info=&#8221;{}&#8221;][et_pb_row _builder_version=&#8221;4.27.0&#8243; _module_preset=&#8221;default&#8221; global_colors_info=&#8221;{}&#8221;][et_pb_column type=&#8221;4_4&#8243; _builder_version=&#8221;4.27.0&#8243; _module_preset=&#8221;default&#8221; global_colors_info=&#8221;{}&#8221;][et_pb_text _builder_version=&#8221;4.27.2&#8243; _module_preset=&#8221;default&#8221; text_font=&#8221;Montserrat||||||||&#8221; text_font_size=&#8221;18px&#8221; text_orientation=&#8221;center&#8221; global_colors_info=&#8221;{}&#8221;]W2M LASER[\/et_pb_text][et_pb_text _builder_version=&#8221;4.27.2&#8243; _module_preset=&#8221;default&#8221; header_font=&#8221;Montserrat|800|||||||&#8221; header_text_align=&#8221;center&#8221; header_text_color=&#8221;#801337&#8243; header_font_size=&#8221;45px&#8221; header_line_height=&#8221;1.3em&#8221; header_font_size_tablet=&#8221;45px&#8221; header_font_size_phone=&#8221;30px&#8221; header_font_size_last_edited=&#8221;on|phone&#8221; global_colors_info=&#8221;{}&#8221;]<\/p>\n<h1>R\u00f6rreng\u00f6rare<\/h1>\n<p>[\/et_pb_text][et_pb_text _builder_version=&#8221;4.27.2&#8243; _module_preset=&#8221;default&#8221; text_font=&#8221;Montserrat||||||||&#8221; text_font_size=&#8221;18px&#8221; text_line_height=&#8221;1.8em&#8221; text_orientation=&#8221;center&#8221; max_width=&#8221;800px&#8221; module_alignment=&#8221;center&#8221; text_font_size_tablet=&#8221;18px&#8221; text_font_size_phone=&#8221;16px&#8221; text_font_size_last_edited=&#8221;on|phone&#8221; global_colors_info=&#8221;{}&#8221;]W2M Industries Oy har i samarbetet med finska f\u00f6rsvarsmakten utvecklat en laserreng\u00f6ringsmaskin<br \/>(patents\u00f6kt) f\u00f6r reng\u00f6ring av de inre ytorna p\u00e5 l\u00e5nga, cylidriska f\u00f6rem\u00e5l, s\u00e5som kanonr\u00f6r. R\u00f6rreng\u00f6raren \u00e4r \u00e4ven l\u00e4mplig f\u00f6r reng\u00f6ring av industriella r\u00f6rledningar.[\/et_pb_text][et_pb_button button_url=&#8221;tel:+358407094605&#8243; button_text=&#8221;Ring +358 40 709 4605&#8243; button_alignment=&#8221;center&#8221; _builder_version=&#8221;4.27.0&#8243; _module_preset=&#8221;default&#8221; custom_button=&#8221;on&#8221; button_text_color=&#8221;#2C132B&#8221; button_bg_color=&#8221;RGBA(255,255,255,0)&#8221; button_border_color=&#8221;#2C132B&#8221; button_border_radius=&#8221;100px&#8221; global_colors_info=&#8221;{}&#8221;][\/et_pb_button][\/et_pb_column][\/et_pb_row][\/et_pb_section][et_pb_section fb_built=&#8221;1&#8243; _builder_version=&#8221;4.16&#8243; _module_preset=&#8221;default&#8221; custom_padding=&#8221;7px||80px|||&#8221; global_colors_info=&#8221;{}&#8221;][et_pb_row column_structure=&#8221;1_2,1_2&#8243; use_custom_gutter=&#8221;on&#8221; gutter_width=&#8221;2&#8243; make_equal=&#8221;on&#8221; _builder_version=&#8221;4.27.2&#8243; _module_preset=&#8221;default&#8221; max_width=&#8221;1200px&#8221; global_colors_info=&#8221;{}&#8221;][et_pb_column type=&#8221;1_2&#8243; _builder_version=&#8221;4.27.0&#8243; _module_preset=&#8221;default&#8221; background_color=&#8221;rgba(128,19,55,0.09)&#8221; custom_padding=&#8221;50px|20px|50px|20px|true|true&#8221; custom_css_main_element=&#8221;display: flex; ||flex-direction: column; &#8221; border_radii=&#8221;on|20px|20px|20px|20px&#8221; global_colors_info=&#8221;{}&#8221;][et_pb_blurb title=&#8221;W2M-FL-RPC-2000-MIL&#8221; image=&#8221;https:\/\/w2m.fi\/wp-content\/uploads\/2021\/09\/w2m-ikoni.png&#8221; alt=&#8221;w2m-ikoni&#8221; _builder_version=&#8221;4.27.2&#8243; _module_preset=&#8221;default&#8221; header_font=&#8221;Montserrat|800|||||||&#8221; header_text_align=&#8221;center&#8221; body_font_size=&#8221;16px&#8221; body_line_height=&#8221;1.8em&#8221; custom_padding=&#8221;|40px||40px|false|true&#8221; custom_padding_tablet=&#8221;|40px||40px|false|true&#8221; custom_padding_phone=&#8221;|5px||5px|false|true&#8221; custom_padding_last_edited=&#8221;on|phone&#8221; global_colors_info=&#8221;{}&#8221;]<\/p>\n<p>\u2022 L\u00e4ttanv\u00e4nd<br \/>\u2022 Snabb<br \/>\u2022 Automatiserad<br \/>\u2022 Kr\u00e4ver endast en person f\u00f6r att anv\u00e4ndas<br \/>\u2022 L\u00e4mplig f\u00f6r f\u00e4lt- och verkstadsbruk<br \/>\u2022 H\u00e5llbar<br \/>\u2022 Brett och precist justerbar<br \/>\u2022 Passar r\u00f6r med en diameter p\u00e5 120\u2013235 mm<\/p>\n<p>[\/et_pb_blurb][\/et_pb_column][et_pb_column type=&#8221;1_2&#8243; _builder_version=&#8221;4.27.2&#8243; _module_preset=&#8221;default&#8221; background_color=&#8221;rgba(128,19,55,0.09)&#8221; background_image=&#8221;https:\/\/w2m.fi\/wp-content\/uploads\/2021\/10\/W2M-FL-RPC-2000-MIL.png&#8221; custom_padding=&#8221;50px|20px|50px|20px|true|true&#8221; custom_css_main_element=&#8221;display: flex; ||flex-direction: column; &#8221; border_radii=&#8221;on|20px|20px|20px|20px&#8221; global_colors_info=&#8221;{}&#8221;][et_pb_divider color=&#8221;RGBA(255,255,255,0)&#8221; _builder_version=&#8221;4.27.2&#8243; _module_preset=&#8221;default&#8221; custom_padding_tablet=&#8221;180px||180px||true|false&#8221; custom_padding_phone=&#8221;70px||70px||true|false&#8221; custom_padding_last_edited=&#8221;on|phone&#8221; global_colors_info=&#8221;{}&#8221;][\/et_pb_divider][\/et_pb_column][\/et_pb_row][\/et_pb_section][et_pb_section fb_built=&#8221;1&#8243; _builder_version=&#8221;4.16&#8243; _module_preset=&#8221;default&#8221; custom_padding=&#8221;7px||80px|||&#8221; global_colors_info=&#8221;{}&#8221;][et_pb_row _builder_version=&#8221;4.27.2&#8243; _module_preset=&#8221;default&#8221; custom_padding=&#8221;||6px|||&#8221; global_colors_info=&#8221;{}&#8221;][et_pb_column type=&#8221;4_4&#8243; _builder_version=&#8221;4.27.2&#8243; _module_preset=&#8221;default&#8221; global_colors_info=&#8221;{}&#8221;][et_pb_text _builder_version=&#8221;4.27.2&#8243; _module_preset=&#8221;default&#8221; header_font=&#8221;Montserrat|800|||||||&#8221; header_text_align=&#8221;center&#8221; header_text_color=&#8221;#801337&#8243; header_font_size=&#8221;45px&#8221; header_line_height=&#8221;1.3em&#8221; header_2_font=&#8221;Montserrat|800|||||||&#8221; header_2_text_align=&#8221;center&#8221; header_2_text_color=&#8221;#801337&#8243; header_2_font_size=&#8221;45px&#8221; header_2_line_height=&#8221;1.2em&#8221; header_2_font_size_tablet=&#8221;&#8221; header_2_font_size_phone=&#8221;25px&#8221; header_2_font_size_last_edited=&#8221;on|phone&#8221; global_colors_info=&#8221;{}&#8221;]<\/p>\n<h2>Synliga resultat<\/h2>\n<p>[\/et_pb_text][\/et_pb_column][\/et_pb_row][et_pb_row column_structure=&#8221;1_2,1_2&#8243; use_custom_gutter=&#8221;on&#8221; gutter_width=&#8221;2&#8243; make_equal=&#8221;on&#8221; _builder_version=&#8221;4.27.2&#8243; _module_preset=&#8221;default&#8221; max_width=&#8221;1200px&#8221; global_colors_info=&#8221;{}&#8221;][et_pb_column type=&#8221;1_2&#8243; _builder_version=&#8221;4.27.2&#8243; _module_preset=&#8221;default&#8221; background_color=&#8221;rgba(128,19,55,0.09)&#8221; custom_padding=&#8221;50px|20px|50px|20px|true|true&#8221; custom_css_main_element=&#8221;display: flex; ||flex-direction: column; &#8221; border_radii=&#8221;on|20px|20px|20px|20px&#8221; global_colors_info=&#8221;{}&#8221;][et_pb_blurb title=&#8221;F\u00f6re&#8221; image=&#8221;https:\/\/w2m.fi\/wp-content\/uploads\/2021\/10\/surface2.jpg&#8221; alt=&#8221;Bild av en r\u00e4fflad svart yta.&#8221; _builder_version=&#8221;4.27.2&#8243; _module_preset=&#8221;default&#8221; header_font=&#8221;Montserrat|800|||||||&#8221; header_text_align=&#8221;center&#8221; body_font_size=&#8221;16px&#8221; body_line_height=&#8221;1.8em&#8221; text_orientation=&#8221;center&#8221; custom_padding=&#8221;|40px||40px|false|true&#8221; custom_padding_tablet=&#8221;|40px||40px|false|true&#8221; custom_padding_phone=&#8221;|5px||5px|false|true&#8221; custom_padding_last_edited=&#8221;on|phone&#8221; global_colors_info=&#8221;{}&#8221;]Synliga ytoj\u00e4mnheter efter kemisk\/borstreng\u00f6ring[\/et_pb_blurb][\/et_pb_column][et_pb_column type=&#8221;1_2&#8243; _builder_version=&#8221;4.27.2&#8243; _module_preset=&#8221;default&#8221; background_color=&#8221;rgba(128,19,55,0.09)&#8221; custom_padding=&#8221;50px|20px|50px|20px|true|true&#8221; custom_css_main_element=&#8221;display: flex; ||flex-direction: column; &#8221; border_radii=&#8221;on|20px|20px|20px|20px&#8221; global_colors_info=&#8221;{}&#8221;][et_pb_blurb title=&#8221;Efter&#8221; image=&#8221;https:\/\/w2m.fi\/wp-content\/uploads\/2021\/10\/surface.jpg&#8221; alt=&#8221;Bild av en v\u00e5gig, svart yta.&#8221; _builder_version=&#8221;4.27.2&#8243; _module_preset=&#8221;default&#8221; header_font=&#8221;Montserrat|800|||||||&#8221; header_text_align=&#8221;center&#8221; body_font_size=&#8221;16px&#8221; body_line_height=&#8221;1.8em&#8221; text_orientation=&#8221;center&#8221; custom_padding=&#8221;|40px||40px|false|true&#8221; custom_padding_tablet=&#8221;|40px||40px|false|true&#8221; custom_padding_phone=&#8221;|5px||5px|false|true&#8221; custom_padding_last_edited=&#8221;on|phone&#8221; global_colors_info=&#8221;{}&#8221;]En betydligt sl\u00e4tare, renare och j\u00e4mnare yta[\/et_pb_blurb][\/et_pb_column][\/et_pb_row][\/et_pb_section][et_pb_section fb_built=&#8221;1&#8243; _builder_version=&#8221;4.16&#8243; _module_preset=&#8221;default&#8221; custom_padding=&#8221;7px||80px|||&#8221; global_colors_info=&#8221;{}&#8221;][et_pb_row _builder_version=&#8221;4.27.2&#8243; _module_preset=&#8221;default&#8221; custom_padding=&#8221;||6px|||&#8221; global_colors_info=&#8221;{}&#8221;][et_pb_column type=&#8221;4_4&#8243; _builder_version=&#8221;4.27.2&#8243; _module_preset=&#8221;default&#8221; global_colors_info=&#8221;{}&#8221;][et_pb_text _builder_version=&#8221;4.27.2&#8243; _module_preset=&#8221;default&#8221; header_font=&#8221;Montserrat|800|||||||&#8221; header_text_align=&#8221;center&#8221; header_text_color=&#8221;#801337&#8243; header_font_size=&#8221;45px&#8221; header_line_height=&#8221;1.3em&#8221; header_2_font=&#8221;Montserrat|800|||||||&#8221; header_2_text_align=&#8221;center&#8221; header_2_text_color=&#8221;#801337&#8243; header_2_font_size=&#8221;45px&#8221; header_2_line_height=&#8221;1.2em&#8221; header_2_font_size_tablet=&#8221;&#8221; header_2_font_size_phone=&#8221;25px&#8221; header_2_font_size_last_edited=&#8221;on|phone&#8221; global_colors_info=&#8221;{}&#8221;]<\/p>\n<h2>L\u00e4tthet och effektivitet<\/h2>\n<p>[\/et_pb_text][\/et_pb_column][\/et_pb_row][et_pb_row column_structure=&#8221;1_2,1_2&#8243; use_custom_gutter=&#8221;on&#8221; gutter_width=&#8221;2&#8243; make_equal=&#8221;on&#8221; _builder_version=&#8221;4.27.2&#8243; _module_preset=&#8221;default&#8221; max_width=&#8221;1200px&#8221; global_colors_info=&#8221;{}&#8221;][et_pb_column type=&#8221;1_2&#8243; _builder_version=&#8221;4.27.0&#8243; _module_preset=&#8221;default&#8221; background_color=&#8221;rgba(128,19,55,0.09)&#8221; custom_padding=&#8221;50px|20px|50px|20px|true|true&#8221; custom_css_main_element=&#8221;display: flex; ||flex-direction: column; &#8221; border_radii=&#8221;on|20px|20px|20px|20px&#8221; global_colors_info=&#8221;{}&#8221;][et_pb_blurb image=&#8221;https:\/\/w2m.fi\/wp-content\/uploads\/2021\/09\/w2m-ikoni.png&#8221; alt=&#8221;w2m-ikoni&#8221; _builder_version=&#8221;4.27.2&#8243; _module_preset=&#8221;default&#8221; header_font=&#8221;Montserrat|800|||||||&#8221; header_text_align=&#8221;center&#8221; body_font_size=&#8221;16px&#8221; body_line_height=&#8221;1.8em&#8221; custom_padding=&#8221;|40px||40px|false|true&#8221; custom_padding_tablet=&#8221;|40px||40px|false|true&#8221; custom_padding_phone=&#8221;|5px||5px|false|true&#8221; custom_padding_last_edited=&#8221;on|phone&#8221; global_colors_info=&#8221;{}&#8221;]W2M Laser enheter \u00e4r l\u00e4tta att anv\u00e4nda, effektiva, tysta, p\u00e5litliga, milj\u00f6v\u00e4nliga och kompakta i storlek. V\u00e5rt anv\u00e4ndargr\u00e4nssnitt \u00e4r v\u00e4ldigt intuitivt och anv\u00e4ndarutbildningen tar vanligtvis 4-6 timmar. Lasermetoder g\u00f6r m\u00e5nga processer enklare och snabbare, vilket ger effektivitet. Detta kan i sin tur ses i oms\u00e4ttningen, antingen som en \u00f6kning av kapaciteten eller som en kostnadsminskning. Lasermetoder \u00e4r alltid kontaktfria och giftfria, och det finns inga slitdelar som beh\u00f6ver k\u00f6pas in med vissa intervall.[\/et_pb_blurb][\/et_pb_column][et_pb_column type=&#8221;1_2&#8243; _builder_version=&#8221;4.27.2&#8243; _module_preset=&#8221;default&#8221; background_color=&#8221;rgba(128,19,55,0.09)&#8221; background_image=&#8221;https:\/\/w2m.fi\/wp-content\/uploads\/2021\/10\/W2M-laite.png&#8221; custom_padding=&#8221;50px|20px|50px|20px|true|true&#8221; custom_css_main_element=&#8221;display: flex; ||flex-direction: column; &#8221; border_radii=&#8221;on|20px|20px|20px|20px&#8221; global_colors_info=&#8221;{}&#8221;][et_pb_divider color=&#8221;RGBA(255,255,255,0)&#8221; _builder_version=&#8221;4.27.2&#8243; _module_preset=&#8221;default&#8221; custom_padding_tablet=&#8221;280px||280px||true|false&#8221; custom_padding_phone=&#8221;170px||170px||true|false&#8221; custom_padding_last_edited=&#8221;on|phone&#8221; global_colors_info=&#8221;{}&#8221;][\/et_pb_divider][\/et_pb_column][\/et_pb_row][\/et_pb_section]<\/p>\n","protected":false},"excerpt":{"rendered":"<p>W2M LASERR\u00f6rreng\u00f6rareW2M Industries Oy har i samarbetet med finska f\u00f6rsvarsmakten utvecklat en laserreng\u00f6ringsmaskin(patents\u00f6kt) f\u00f6r reng\u00f6ring av de inre ytorna p\u00e5 l\u00e5nga, cylidriska f\u00f6rem\u00e5l, s\u00e5som kanonr\u00f6r. R\u00f6rreng\u00f6raren \u00e4r \u00e4ven l\u00e4mplig f\u00f6r reng\u00f6ring av industriella r\u00f6rledningar.\u2022 L\u00e4ttanv\u00e4nd\u2022 Snabb\u2022 Automatiserad\u2022 Kr\u00e4ver endast en person f\u00f6r att anv\u00e4ndas\u2022 L\u00e4mplig f\u00f6r f\u00e4lt- och verkstadsbruk\u2022 H\u00e5llbar\u2022 Brett och precist justerbar\u2022 Passar [&hellip;]<\/p>\n","protected":false},"author":1,"featured_media":0,"parent":0,"menu_order":0,"comment_status":"closed","ping_status":"closed","template":"","meta":{"_et_pb_use_builder":"on","_et_pb_old_content":"","_et_gb_content_width":"","footnotes":""},"class_list":["post-1666","page","type-page","status-publish","hentry"],"aioseo_notices":[],"_links":{"self":[{"href":"https:\/\/w2m.fi\/sv\/wp-json\/wp\/v2\/pages\/1666","targetHints":{"allow":["GET"]}}],"collection":[{"href":"https:\/\/w2m.fi\/sv\/wp-json\/wp\/v2\/pages"}],"about":[{"href":"https:\/\/w2m.fi\/sv\/wp-json\/wp\/v2\/types\/page"}],"author":[{"embeddable":true,"href":"https:\/\/w2m.fi\/sv\/wp-json\/wp\/v2\/users\/1"}],"replies":[{"embeddable":true,"href":"https:\/\/w2m.fi\/sv\/wp-json\/wp\/v2\/comments?post=1666"}],"version-history":[{"count":6,"href":"https:\/\/w2m.fi\/sv\/wp-json\/wp\/v2\/pages\/1666\/revisions"}],"predecessor-version":[{"id":2314,"href":"https:\/\/w2m.fi\/sv\/wp-json\/wp\/v2\/pages\/1666\/revisions\/2314"}],"wp:attachment":[{"href":"https:\/\/w2m.fi\/sv\/wp-json\/wp\/v2\/media?parent=1666"}],"curies":[{"name":"wp","href":"https:\/\/api.w.org\/{rel}","templated":true}]}}